{"id":3505,"date":"2024-05-21T13:31:57","date_gmt":"2024-05-21T11:31:57","guid":{"rendered":"https:\/\/hubur.com\/politica-de-cookies\/"},"modified":"2024-07-03T14:13:41","modified_gmt":"2024-07-03T12:13:41","slug":"politica-de-cookies","status":"publish","type":"page","link":"https:\/\/hubur.com\/es\/politica-de-cookies\/","title":{"rendered":"Pol\u00edtica de Cookies"},"content":{"rendered":"\t\t<div data-elementor-type=\"wp-page\" data-elementor-id=\"3505\" class=\"elementor elementor-3505 elementor-3362\" data-elementor-post-type=\"page\">\n\t\t\t\t<div class=\"elementor-element elementor-element-a3031ab e-flex e-con-boxed e-con e-parent\" data-id=\"a3031ab\" data-element_type=\"container\" data-e-type=\"container\" data-settings=\"{&quot;background_background&quot;:&quot;video&quot;,&quot;jet_parallax_layout_list&quot;:[],&quot;background_play_on_mobile&quot;:&quot;yes&quot;}\">\n\t\t\t\t\t<div class=\"e-con-inner\">\n\t\t<div class=\"elementor-element elementor-element-d8b09af e-con-full e-flex e-con e-child\" data-id=\"d8b09af\" data-element_type=\"container\" data-e-type=\"container\" data-settings=\"{&quot;jet_parallax_layout_list&quot;:[]}\">\n\t\t\t\t<div class=\"elementor-element elementor-element-a69cfdb elementor-widget elementor-widget-heading\" data-id=\"a69cfdb\" data-element_type=\"widget\" data-e-type=\"widget\" data-widget_type=\"heading.default\">\n\t\t\t\t<div class=\"elementor-widget-container\">\n\t\t\t\t\t<h1 class=\"elementor-heading-title elementor-size-default\">Pol\u00edtica de Cookies<\/h1>\t\t\t\t<\/div>\n\t\t\t\t<\/div>\n\t\t\t\t<\/div>\n\t\t\t\t\t<\/div>\n\t\t\t\t<\/div>\n\t\t<div class=\"elementor-element elementor-element-2741e31 e-flex e-con-boxed e-con e-parent\" data-id=\"2741e31\" data-element_type=\"container\" data-e-type=\"container\" data-settings=\"{&quot;jet_parallax_layout_list&quot;:[],&quot;background_background&quot;:&quot;classic&quot;}\">\n\t\t\t\t\t<div class=\"e-con-inner\">\n\t\t\t\t<div class=\"elementor-element elementor-element-a6506b4 elementor-widget elementor-widget-text-editor\" data-id=\"a6506b4\" data-element_type=\"widget\" data-e-type=\"widget\" data-widget_type=\"text-editor.default\">\n\t\t\t\t<div class=\"elementor-widget-container\">\n\t\t\t\t\t\t\t\t\t<h2 style=\"text-align: center\">Pol\u00edtica de cookies (UE)<\/h2>\n<p style=\"text-align: center\"><em>Esta Pol\u00edtica de cookies se actualiz\u00f3 por \u00faltima vez el 22 de mayo de 2024<\/em><\/p>\n<p>\u00a0<\/p>\n<h3>1. Introducci\u00f3n<\/h3>\n<p>Nuestro sitio web, hubur.com (en adelante: \u00abel sitio web\u00bb) utiliza cookies y otras tecnolog\u00edas relacionadas (para simplificar, todas estas tecnolog\u00edas se denominan \u00abcookies\u00bb). Las cookies tambi\u00e9n son colocadas por terceros que hemos contratado. En el siguiente documento, le informamos sobre el uso de cookies en nuestro sitio web.<\/p>\n<p>\u00a0<\/p>\n<h3>2. \u00bfQu\u00e9 son las cookies?<\/h3>\n<p>Una cookie inform\u00e1tica, tambi\u00e9n conocida como \u00abrastreador de conexi\u00f3n\u00bb, es el equivalente a un peque\u00f1o archivo de texto que puede ser almacenado en un ordenador o dispositivo m\u00f3vil (tableta, tel\u00e9fono m\u00f3vil o cualquier otro dispositivo optimizado para Internet) del Usuario por los sitios web que consulta.<\/p>\n<p>Las cookies son gestionadas por el navegador de Internet del Usuario, que las conservar\u00e1 durante un determinado periodo de tiempo y las enviar\u00e1 de vuelta al servidor web cada vez que el Usuario se vuelva a conectar a ellas. Las cookies tienen una vida \u00fatil limitada y son eliminadas por el navegador una vez que caduca. Solo la empresa que deposita la cookie es probable que lea o modifique la informaci\u00f3n contenida en esta cookie.<\/p>\n<p>\u00a0<\/p>\n<h3>3. \u00bfQu\u00e9 son los guiones?<\/h3>\n<p>Un script es un fragmento de c\u00f3digo que se utiliza para que nuestro sitio web funcione de forma adecuada e interactiva. Este c\u00f3digo se ejecuta en nuestro servidor o en su dispositivo.<\/p>\n<p>\u00a0<\/p>\n<h3>4. \u00bfQu\u00e9 es una etiqueta invisible?<\/h3>\n<p>Una etiqueta ciega (o baliza web) es una peque\u00f1a pieza de texto o imagen invisible en un sitio web, que se utiliza para rastrear el tr\u00e1fico en un sitio web. Para ello, se almacenan diversos datos sobre usted mediante etiquetas invisibles.<\/p>\n<p>\u00a0<\/p>\n<h3>5. Cookies<\/h3>\n<h4>5.1 Vida \u00fatil de las cookies<\/h4>\n<p>De acuerdo con las recomendaciones, el per\u00edodo m\u00e1ximo de almacenamiento de las cookies es de un m\u00e1ximo de trece (13) meses despu\u00e9s de que se depositan por primera vez en el terminal del Usuario, al igual que la duraci\u00f3n de la validez del consentimiento del Usuario para el uso de estas Cookies.<br>\nLa vida \u00fatil de las cookies no se prolonga con cada visita. Por lo tanto, el consentimiento del Usuario debe renovarse al final de este per\u00edodo.<\/p>\n<p>\u00a0<\/p>\n<h4>5.2 Cookies t\u00e9cnicas o funcionales<\/h4>\n<p>Algunas cookies garantizan que ciertas partes del sitio web funcionen correctamente y que se tengan en cuenta sus preferencias como usuario. Al colocar cookies funcionales, le facilitamos la visita a nuestro sitio web. De esta manera, no tiene que ingresar repetidamente la misma informaci\u00f3n cuando visita nuestro sitio web y, por ejemplo, los art\u00edculos permanecen en su carrito de compras hasta su pago. Podemos colocar estas cookies sin su consentimiento.<\/p>\n<p>\u00a0<\/p>\n<h4>5.3 Cookies estad\u00edsticas<\/h4>\n<p>Utilizamos cookies estad\u00edsticas para optimizar la experiencia del usuario en nuestro sitio web. Con estas cookies estad\u00edsticas, obtenemos observaciones sobre el uso de nuestro sitio web. Le pedimos permiso para colocar cookies estad\u00edsticas.<\/p>\n<p>\u00a0<\/p>\n<h4>5.4 Cookies de marketing\/seguimiento<\/h4>\n<p>Las cookies de marketing\/seguimiento son cookies o cualquier otra forma de almacenamiento local, que se utilizan para crear perfiles de usuarios de Internet con el fin de mostrar publicidad o para rastrear al usuario de Internet en este sitio web o en varios sitios web con fines de marketing similares.<\/p>\n<p>\u00a0<\/p>\n<h4>5.5 Redes sociales<\/h4>\n<p>En nuestro sitio web, hemos incluido contenido de Facebook, Instagram, TikTok y Pinterest para promocionar p\u00e1ginas web (por ejemplo, \u00abme gusta\u00bb, \u00abpin\u00bb) o compartirlas (por ejemplo, \u00abtweet\u00bb) en redes sociales como Facebook, Instagram, TikTok y Pinterest. Este contenido se integra gracias a un c\u00f3digo obtenido de Facebook, Instagram, TikTok y Pinterest y coloca cookies. Este contenido puede almacenar y procesar cierta informaci\u00f3n con fines publicitarios personalizados.<\/p>\n<p>Por favor, lea la declaraci\u00f3n de privacidad de estas redes sociales (que puede ser modificada de vez en cuando). Los datos recuperados se anonimizan en la medida de lo posible.<\/p>\n<p>\u00a0<\/p>\n<h4>6. Consentimiento<\/h4>\n<p>Cuando visite nuestro sitio web por primera vez, le mostraremos una ventana emergente con una explicaci\u00f3n sobre las cookies. Tan pronto como haga clic en \u00abGuardar preferencias\u00bb, nos autoriza a utilizar las categor\u00edas de cookies y extensiones que ha seleccionado en la ventana emergente, como se describe en esta pol\u00edtica de cookies. Puede desactivar el uso de cookies a trav\u00e9s de su navegador, pero tenga en cuenta que es posible que nuestro sitio web ya no funcione correctamente.<\/p>\n<h4>7. Habilitar\/deshabilitar y eliminar cookies<\/h4>\n<p>Puede utilizar su navegador de Internet para eliminar las cookies de forma autom\u00e1tica o manual. Tambi\u00e9n puede especificar que no se puedan colocar ciertas cookies. Otra opci\u00f3n es cambiar la configuraci\u00f3n de su navegador de Internet para que reciba un mensaje cada vez que se coloque una cookie. Para obtener m\u00e1s informaci\u00f3n sobre estas opciones, consulte las instrucciones en la secci\u00f3n Ayuda de su navegador.<\/p>\n<p>Tenga en cuenta que es posible que nuestro sitio web no funcione correctamente si se desactivan todas las cookies.<\/p>\n<p>Si elimina las cookies de su navegador, se volver\u00e1n a colocar despu\u00e9s de su consentimiento cuando vuelva a visitar nuestros sitios web.<\/p>\n<p>\u00a0<\/p>\n<p>\u00a0<\/p>\n\t\t\t\t\t\t\t\t<\/div>\n\t\t\t\t<\/div>\n\t\t\t\t\t<\/div>\n\t\t\t\t<\/div>\n\t\t\t\t<\/div>\n\t\t","protected":false},"excerpt":{"rendered":"","protected":false},"author":1,"featured_media":0,"parent":0,"menu_order":0,"comment_status":"closed","ping_status":"closed","template":"elementor_header_footer","meta":{"footnotes":""},"class_list":["post-3505","page","type-page","status-publish","hentry"],"_links":{"self":[{"href":"https:\/\/hubur.com\/es\/wp-json\/wp\/v2\/pages\/3505","targetHints":{"allow":["GET"]}}],"collection":[{"href":"https:\/\/hubur.com\/es\/wp-json\/wp\/v2\/pages"}],"about":[{"href":"https:\/\/hubur.com\/es\/wp-json\/wp\/v2\/types\/page"}],"author":[{"embeddable":true,"href":"https:\/\/hubur.com\/es\/wp-json\/wp\/v2\/users\/1"}],"replies":[{"embeddable":true,"href":"https:\/\/hubur.com\/es\/wp-json\/wp\/v2\/comments?post=3505"}],"version-history":[{"count":1,"href":"https:\/\/hubur.com\/es\/wp-json\/wp\/v2\/pages\/3505\/revisions"}],"predecessor-version":[{"id":3506,"href":"https:\/\/hubur.com\/es\/wp-json\/wp\/v2\/pages\/3505\/revisions\/3506"}],"wp:attachment":[{"href":"https:\/\/hubur.com\/es\/wp-json\/wp\/v2\/media?parent=3505"}],"curies":[{"name":"wp","href":"https:\/\/api.w.org\/{rel}","templated":true}]}}