{"id":4224,"date":"2024-05-21T13:32:28","date_gmt":"2024-05-21T11:32:28","guid":{"rendered":"https:\/\/hubur.com\/terminos-y-condiciones-generales-de-uso-tc\/"},"modified":"2024-07-22T11:49:59","modified_gmt":"2024-07-22T09:49:59","slug":"terminos-y-condiciones-generales-de-uso-tc","status":"publish","type":"page","link":"https:\/\/hubur.com\/es\/terminos-y-condiciones-generales-de-uso-tc\/","title":{"rendered":"Condiciones Generales de Uso (CGU)"},"content":{"rendered":"\t\t<div data-elementor-type=\"wp-page\" data-elementor-id=\"4224\" class=\"elementor elementor-4224 elementor-3364\" data-elementor-post-type=\"page\">\n\t\t\t\t<div class=\"elementor-element elementor-element-9cb1a9f e-flex e-con-boxed e-con e-parent\" data-id=\"9cb1a9f\" data-element_type=\"container\" data-e-type=\"container\" data-settings=\"{&quot;background_background&quot;:&quot;video&quot;,&quot;jet_parallax_layout_list&quot;:[],&quot;background_play_on_mobile&quot;:&quot;yes&quot;}\">\n\t\t\t\t\t<div class=\"e-con-inner\">\n\t\t<div class=\"elementor-element elementor-element-a599283 e-con-full e-flex e-con e-child\" data-id=\"a599283\" data-element_type=\"container\" data-e-type=\"container\" data-settings=\"{&quot;jet_parallax_layout_list&quot;:[]}\">\n\t\t\t\t<div class=\"elementor-element elementor-element-9019655 elementor-widget elementor-widget-heading\" data-id=\"9019655\" data-element_type=\"widget\" data-e-type=\"widget\" data-widget_type=\"heading.default\">\n\t\t\t\t<div class=\"elementor-widget-container\">\n\t\t\t\t\t<h1 class=\"elementor-heading-title elementor-size-default\">Condiciones Generales de Uso (CGU)<\/h1>\t\t\t\t<\/div>\n\t\t\t\t<\/div>\n\t\t\t\t<\/div>\n\t\t\t\t\t<\/div>\n\t\t\t\t<\/div>\n\t\t<div class=\"elementor-element elementor-element-a54d3d5 e-flex e-con-boxed e-con e-parent\" data-id=\"a54d3d5\" data-element_type=\"container\" data-e-type=\"container\" data-settings=\"{&quot;jet_parallax_layout_list&quot;:[],&quot;background_background&quot;:&quot;classic&quot;}\">\n\t\t\t\t\t<div class=\"e-con-inner\">\n\t\t\t\t<div class=\"elementor-element elementor-element-aa7adc2 elementor-widget elementor-widget-text-editor\" data-id=\"aa7adc2\" data-element_type=\"widget\" data-e-type=\"widget\" data-widget_type=\"text-editor.default\">\n\t\t\t\t<div class=\"elementor-widget-container\">\n\t\t\t\t\t\t\t\t\t<h2 style=\"text-align: center\">Condiciones Generales de Uso<\/h2>\n<p>\u00a0<\/p>\n<h3>Prefacio<\/h3>\n<p>Las presentes CGU tienen por objeto informarle de las condiciones en las que puede acceder al sitio web y, en su caso, utilizar los datos contenidos en el mismo. La navegaci\u00f3n por este sitio web implica la aceptaci\u00f3n plena y completa de las CGU descritas anteriormente.<br>\nHUBUR ha puesto este sitio web en l\u00ednea para presentarle algunas de sus ofertas, pero tambi\u00e9n contenido como art\u00edculos o testimonios. La informaci\u00f3n se proporciona \u00fanicamente con fines informativos generales, sin garant\u00eda alguna de idoneidad para un fin determinado.<\/p>\n<p>HUBUR podr\u00e1 modificarlas o actualizarlas en cualquier momento sin previo aviso.<\/p>\n<p>\u00a0<\/p>\n<h3>Uso<\/h3>\n<p>Cada usuario del sitio web que proporciona informaci\u00f3n otorga a HUBUR todos los derechos transferibles sobre esta informaci\u00f3n y autoriza a HUBUR a usarla. La informaci\u00f3n proporcionada por los usuarios de esta manera se considerar\u00e1 no confidencial.<\/p>\n<p>Sin embargo, si la informaci\u00f3n proporcionada son datos personales en el sentido de la ley aplicable, se procesan de acuerdo con la pol\u00edtica de protecci\u00f3n de datos personales aplicable al sitio web.<\/p>\n<p>\u00a0<\/p>\n<h3>Responsabilidad<\/h3>\n<p>A pesar de la atenci\u00f3n prestada al mantenimiento y actualizaci\u00f3n del sitio, HUBUR no garantiza la accesibilidad permanente del sitio, ni la ausencia de disfunciones de cualquier tipo, y no se hace responsable de los errores, inexactitudes, errores, virus, etc. El usuario es responsable de su equipo y del uso que haga del mismo, siendo el \u00fanico responsable de los costes directos o indirectos derivados de su conexi\u00f3n a Internet a trav\u00e9s de la web de HUBUR.<\/p>\n<p>\u00a0<\/p>\n<h3>Administraci\u00f3n del sitio<\/h3>\n<p>Podemos, aunque no estamos obligados a ello, controlar, editar o eliminar contenidos que, a nuestra entera discreci\u00f3n, consideremos ilegales, ofensivos, amenazadores, abusivos, difamatorios, pornogr\u00e1ficos, obscenos o censurables por cualquier otro motivo.<\/p>\n<p>Usted se compromete a escribir comentarios que no infrinjan los derechos de terceros, incluidos los derechos de autor, marcas registradas, confidencialidad, personalidad u otros derechos personales o de propiedad. Tambi\u00e9n acepta que sus comentarios no contendr\u00e1n contenido ilegal, difamatorio, ofensivo u obsceno, ni virus inform\u00e1tico u otro programas maliciosos que puedan afectar de alg\u00fan modo al funcionamiento del Servicio o cualquier sitio web relacionado. No puede utilizar una direcci\u00f3n de correo electr\u00f3nico falsa, fingir ser alguien que no es o intentar enga\u00f1arnos a nosotros y\/o a terceros en cuanto al origen de sus comentarios. Usted es totalmente responsable de todos los comentarios que publique y de su exactitud. No asumimos ninguna responsabilidad y renunciamos a toda responsabilidad por cualquier comentario publicado por usted o cualquier tercero.<\/p>\n<p>\u00a0<\/p>\n<h3>Propiedad intelectual<\/h3>\n<p>Toda la informaci\u00f3n o documentos (textos, im\u00e1genes, animadas o no, bases de datos, sonidos, fotos, know-how, productos mencionados) contenidos en el sitio web, as\u00ed como todos los elementos creados para el sitio web y su estructura general, son propiedad de HUBUR, o son objeto de derechos de uso, reproducci\u00f3n y representaci\u00f3n concedidos en beneficio de esta \u00faltima.<\/p>\n<p>En consecuencia, HUBUR es el propietario exclusivo de todos los derechos de propiedad intelectual o derechos de uso sobre todos los elementos accesibles en este sitio, tanto en la estructura como en los textos, im\u00e1genes, gr\u00e1ficos, logotipo, iconos, sonidos, software, etc.<\/p>\n<p>Dicha informaci\u00f3n, documentos o elementos est\u00e1n sujetos a las leyes de derechos de autor tan pronto como se ponen a disposici\u00f3n del p\u00fablico en este sitio web. No se confiere a nadie ninguna licencia, o derecho que no sea el derecho a consultar el sitio web, con respecto a los derechos de propiedad intelectual.<\/p>\n<p>En consecuencia, queda prohibida cualquier reproducci\u00f3n total o parcial del sitio, representaci\u00f3n, modificaci\u00f3n, publicaci\u00f3n, adaptaci\u00f3n total o parcial de cualquiera de estos elementos, independientemente del medio o procedimiento utilizado, salvo autorizaci\u00f3n previa y por escrito de HUBUR.<\/p>\n<p>En su defecto, HUBUR se reserva el derecho de iniciar las acciones necesarias, incluso judiciales, para hacer cesar cualquier infracci\u00f3n de sus derechos de propiedad intelectual y obtener la indemnizaci\u00f3n por los da\u00f1os y perjuicios causados.<\/p>\n<p>Del mismo modo, se proh\u00edbe cualquier grabaci\u00f3n, difusi\u00f3n, traducci\u00f3n o adaptaci\u00f3n, total o parcial, del sitio.<\/p>\n<p>\u00a0<\/p>\n<h2>Legislaci\u00f3n aplicable<\/h2>\n<p>Este sitio y estas condiciones de uso se rigen por la legislaci\u00f3n irlandesa. Tanto el usuario como HUBUR acuerdan someterse a la jurisdicci\u00f3n exclusiva de los tribunales irlandeses para cualquier controversia que pudiera derivarse de las presentes condiciones generales de uso.<\/p>\n<p>\u00a0<\/p>\n\t\t\t\t\t\t\t\t<\/div>\n\t\t\t\t<\/div>\n\t\t\t\t\t<\/div>\n\t\t\t\t<\/div>\n\t\t\t\t<\/div>\n\t\t","protected":false},"excerpt":{"rendered":"","protected":false},"author":1,"featured_media":0,"parent":0,"menu_order":0,"comment_status":"closed","ping_status":"closed","template":"elementor_header_footer","meta":{"footnotes":""},"class_list":["post-4224","page","type-page","status-publish","hentry"],"_links":{"self":[{"href":"https:\/\/hubur.com\/es\/wp-json\/wp\/v2\/pages\/4224","targetHints":{"allow":["GET"]}}],"collection":[{"href":"https:\/\/hubur.com\/es\/wp-json\/wp\/v2\/pages"}],"about":[{"href":"https:\/\/hubur.com\/es\/wp-json\/wp\/v2\/types\/page"}],"author":[{"embeddable":true,"href":"https:\/\/hubur.com\/es\/wp-json\/wp\/v2\/users\/1"}],"replies":[{"embeddable":true,"href":"https:\/\/hubur.com\/es\/wp-json\/wp\/v2\/comments?post=4224"}],"version-history":[{"count":2,"href":"https:\/\/hubur.com\/es\/wp-json\/wp\/v2\/pages\/4224\/revisions"}],"predecessor-version":[{"id":4542,"href":"https:\/\/hubur.com\/es\/wp-json\/wp\/v2\/pages\/4224\/revisions\/4542"}],"wp:attachment":[{"href":"https:\/\/hubur.com\/es\/wp-json\/wp\/v2\/media?parent=4224"}],"curies":[{"name":"wp","href":"https:\/\/api.w.org\/{rel}","templated":true}]}}