{"id":3497,"date":"2024-05-21T13:32:57","date_gmt":"2024-05-21T11:32:57","guid":{"rendered":"https:\/\/hubur.com\/avisos-legais\/"},"modified":"2024-07-21T19:51:18","modified_gmt":"2024-07-21T17:51:18","slug":"avisos-legais","status":"publish","type":"page","link":"https:\/\/hubur.com\/pt-pt\/avisos-legais\/","title":{"rendered":"Informa\u00e7\u00f5es legais"},"content":{"rendered":"\t\t<div data-elementor-type=\"wp-page\" data-elementor-id=\"3497\" class=\"elementor elementor-3497 elementor-3366\" data-elementor-post-type=\"page\">\n\t\t\t\t<div class=\"elementor-element elementor-element-0169dd6 e-flex e-con-boxed e-con e-parent\" data-id=\"0169dd6\" data-element_type=\"container\" data-e-type=\"container\" data-settings=\"{&quot;background_background&quot;:&quot;video&quot;,&quot;jet_parallax_layout_list&quot;:[],&quot;background_play_on_mobile&quot;:&quot;yes&quot;}\">\n\t\t\t\t\t<div class=\"e-con-inner\">\n\t\t<div class=\"elementor-element elementor-element-ef996b9 e-con-full e-flex e-con e-child\" data-id=\"ef996b9\" data-element_type=\"container\" data-e-type=\"container\" data-settings=\"{&quot;jet_parallax_layout_list&quot;:[]}\">\n\t\t\t\t<div class=\"elementor-element elementor-element-e28b621 elementor-widget elementor-widget-heading\" data-id=\"e28b621\" data-element_type=\"widget\" data-e-type=\"widget\" data-widget_type=\"heading.default\">\n\t\t\t\t<div class=\"elementor-widget-container\">\n\t\t\t\t\t<h1 class=\"elementor-heading-title elementor-size-default\">Informa\u00e7\u00f5es legais<\/h1>\t\t\t\t<\/div>\n\t\t\t\t<\/div>\n\t\t\t\t<\/div>\n\t\t\t\t\t<\/div>\n\t\t\t\t<\/div>\n\t\t<div class=\"elementor-element elementor-element-044bb1b e-flex e-con-boxed e-con e-parent\" data-id=\"044bb1b\" data-element_type=\"container\" data-e-type=\"container\" data-settings=\"{&quot;jet_parallax_layout_list&quot;:[],&quot;background_background&quot;:&quot;classic&quot;}\">\n\t\t\t\t\t<div class=\"e-con-inner\">\n\t\t\t\t<div class=\"elementor-element elementor-element-cc83c1f elementor-widget elementor-widget-text-editor\" data-id=\"cc83c1f\" data-element_type=\"widget\" data-e-type=\"widget\" data-widget_type=\"text-editor.default\">\n\t\t\t\t<div class=\"elementor-widget-container\">\n\t\t\t\t\t\t\t\t\t<h2>Edi\u00e7\u00e3o<\/h2>\n<p>O site \u00e9 operado por Philippe Cussonier, representante da HUBEUK LTD, A empresa est\u00e1 domiciliada em THE BLACK CHURCH, SAINT MARY&#8217;S PLACE NORTH, DUBLIN D07 P4AX<br>\nN\u00famero de registo: 717691<\/p>\n<h2>Publica\u00e7\u00e3o<\/h2>\n<p>O diretor de publica\u00e7\u00e3o \u00e9 Philippe Cussonier, representante da empresa HUBEUK LTD, A empresa est\u00e1 domiciliada em THE BLACK CHURCH, SAINT MARY&#8217;S PLACE NORTH, DUBLIN D07 P4AX<br>\nN\u00famero de registo: 717691<\/p>\n<h2>Alojamento de s\u00edtios Web<\/h2>\n<p>Este s\u00edtio Web \u00e9 alojado pela empresa []. Cuja sede social est\u00e1 situada em []. N\u00famero de registo []<\/p>\n\t\t\t\t\t\t\t\t<\/div>\n\t\t\t\t<\/div>\n\t\t\t\t\t<\/div>\n\t\t\t\t<\/div>\n\t\t\t\t<\/div>\n\t\t","protected":false},"excerpt":{"rendered":"","protected":false},"author":1,"featured_media":0,"parent":0,"menu_order":0,"comment_status":"closed","ping_status":"closed","template":"elementor_header_footer","meta":{"footnotes":""},"class_list":["post-3497","page","type-page","status-publish","hentry"],"_links":{"self":[{"href":"https:\/\/hubur.com\/pt-pt\/wp-json\/wp\/v2\/pages\/3497","targetHints":{"allow":["GET"]}}],"collection":[{"href":"https:\/\/hubur.com\/pt-pt\/wp-json\/wp\/v2\/pages"}],"about":[{"href":"https:\/\/hubur.com\/pt-pt\/wp-json\/wp\/v2\/types\/page"}],"author":[{"embeddable":true,"href":"https:\/\/hubur.com\/pt-pt\/wp-json\/wp\/v2\/users\/1"}],"replies":[{"embeddable":true,"href":"https:\/\/hubur.com\/pt-pt\/wp-json\/wp\/v2\/comments?post=3497"}],"version-history":[{"count":2,"href":"https:\/\/hubur.com\/pt-pt\/wp-json\/wp\/v2\/pages\/3497\/revisions"}],"predecessor-version":[{"id":4793,"href":"https:\/\/hubur.com\/pt-pt\/wp-json\/wp\/v2\/pages\/3497\/revisions\/4793"}],"wp:attachment":[{"href":"https:\/\/hubur.com\/pt-pt\/wp-json\/wp\/v2\/media?parent=3497"}],"curies":[{"name":"wp","href":"https:\/\/api.w.org\/{rel}","templated":true}]}}