{"id":3503,"date":"2024-05-21T13:31:57","date_gmt":"2024-05-21T11:31:57","guid":{"rendered":"https:\/\/hubur.com\/politica-de-cookies\/"},"modified":"2024-07-21T20:19:53","modified_gmt":"2024-07-21T18:19:53","slug":"politica-de-cookies","status":"publish","type":"page","link":"https:\/\/hubur.com\/pt-pt\/politica-de-cookies\/","title":{"rendered":"Pol\u00edtica de Cookies"},"content":{"rendered":"\t\t<div data-elementor-type=\"wp-page\" data-elementor-id=\"3503\" class=\"elementor elementor-3503 elementor-3362\" data-elementor-post-type=\"page\">\n\t\t\t\t<div class=\"elementor-element elementor-element-a3031ab e-flex e-con-boxed e-con e-parent\" data-id=\"a3031ab\" data-element_type=\"container\" data-e-type=\"container\" data-settings=\"{&quot;background_background&quot;:&quot;video&quot;,&quot;jet_parallax_layout_list&quot;:[],&quot;background_play_on_mobile&quot;:&quot;yes&quot;}\">\n\t\t\t\t\t<div class=\"e-con-inner\">\n\t\t<div class=\"elementor-element elementor-element-d8b09af e-con-full e-flex e-con e-child\" data-id=\"d8b09af\" data-element_type=\"container\" data-e-type=\"container\" data-settings=\"{&quot;jet_parallax_layout_list&quot;:[]}\">\n\t\t\t\t<div class=\"elementor-element elementor-element-a69cfdb elementor-widget elementor-widget-heading\" data-id=\"a69cfdb\" data-element_type=\"widget\" data-e-type=\"widget\" data-widget_type=\"heading.default\">\n\t\t\t\t<div class=\"elementor-widget-container\">\n\t\t\t\t\t<h1 class=\"elementor-heading-title elementor-size-default\">Pol\u00edtica de Cookies<\/h1>\t\t\t\t<\/div>\n\t\t\t\t<\/div>\n\t\t\t\t<\/div>\n\t\t\t\t\t<\/div>\n\t\t\t\t<\/div>\n\t\t<div class=\"elementor-element elementor-element-2741e31 e-flex e-con-boxed e-con e-parent\" data-id=\"2741e31\" data-element_type=\"container\" data-e-type=\"container\" data-settings=\"{&quot;jet_parallax_layout_list&quot;:[],&quot;background_background&quot;:&quot;classic&quot;}\">\n\t\t\t\t\t<div class=\"e-con-inner\">\n\t\t\t\t<div class=\"elementor-element elementor-element-a6506b4 elementor-widget elementor-widget-text-editor\" data-id=\"a6506b4\" data-element_type=\"widget\" data-e-type=\"widget\" data-widget_type=\"text-editor.default\">\n\t\t\t\t<div class=\"elementor-widget-container\">\n\t\t\t\t\t\t\t\t\t<h2 style=\"text-align: center\">Pol\u00edtica de Cookies (UE)<\/h2>\n<p style=\"text-align: center\"><em>Esta Pol\u00edtica de Cookies foi atualizada pela \u00faltima vez em 22 de maio de 2024<\/em><\/p>\n<p>\u00a0<\/p>\n<h3>1. Introdu\u00e7\u00e3o<\/h3>\n<p>O nosso s\u00edtio Web, hubur.com (a seguir designado por \u201cs\u00edtio Web\u201d) utiliza cookies e outras tecnologias conexas (para simplificar, todas estas tecnologias s\u00e3o designadas por \u201ccookies\u201d). Os cookies tamb\u00e9m s\u00e3o colocados por terceiros que contratamos. No documento abaixo, informamo-lo sobre a utiliza\u00e7\u00e3o de cookies no nosso s\u00edtio Web.<\/p>\n<p>\u00a0<\/p>\n<h3>2. O que s\u00e3o cookies?<\/h3>\n<p>Um cookie inform\u00e1tico, tamb\u00e9m conhecido como \u201cconnection tracker\u201d, \u00e9 o equivalente a um pequeno ficheiro de texto que pode ser armazenado no computador ou no dispositivo m\u00f3vel de um Utilizador (tablet, telem\u00f3vel ou qualquer outro dispositivo optimizado para a Internet) pelos s\u00edtios Web que este visita.<\/p>\n<p>Os cookies s\u00e3o geridos pelo navegador de Internet do Utilizador, que os armazena durante um determinado per\u00edodo de tempo e os reenvia para o servidor Web sempre que o utilizador se volta a ligar. Os cookies t\u00eam uma dura\u00e7\u00e3o limitada e s\u00e3o eliminados pelo navegador assim que expiram. Apenas a empresa que coloca o cookie \u00e9 suscet\u00edvel de ler ou modificar as informa\u00e7\u00f5es nele contidas.<\/p>\n<p>\u00a0<\/p>\n<h3>3. O que s\u00e3o os scripts?<\/h3>\n<p>Um script \u00e9 um elemento de c\u00f3digo utilizado para garantir que o nosso s\u00edtio Web funciona corretamente e de forma interactiva. Este c\u00f3digo \u00e9 executado no nosso servidor ou no seu dispositivo.<\/p>\n<p>\u00a0<\/p>\n<h3>4. O que \u00e9 um sinalizador invis\u00edvel?<\/h3>\n<p>Um sinalizador invis\u00edvel (ou sinalizador web) \u00e9 um pequeno peda\u00e7o de texto ou imagem invis\u00edvel num s\u00edtio Web, utilizado para controlar o tr\u00e1fego num s\u00edtio Web. Para tal, s\u00e3o armazenados v\u00e1rios dados sobre o utilizador atrav\u00e9s de sinalizadores invis\u00edveis.<\/p>\n<p>\u00a0<\/p>\n<h3>5. Cookies<\/h3>\n<h4>5.1 Dura\u00e7\u00e3o do cookie<\/h4>\n<p>De acordo com as recomenda\u00e7\u00f5es, o per\u00edodo m\u00e1ximo de armazenamento de cookies \u00e9 de treze (13) meses ap\u00f3s o seu primeiro armazenamento no terminal do Utilizador, tal como o per\u00edodo de validade do consentimento do Utilizador para a utiliza\u00e7\u00e3o destes Cookies.<br>\nO tempo de vida dos cookies n\u00e3o \u00e9 prolongado com cada visita. O consentimento do Utilizador ter\u00e1, portanto, de ser renovado no final deste per\u00edodo.<\/p>\n<p>\u00a0<\/p>\n<h4>5.2 Cookies t\u00e9cnicos ou funcionais<\/h4>\n<p>Alguns cookies garantem que certas partes do s\u00edtio Web funcionam corretamente e que as suas prefer\u00eancias enquanto utilizador s\u00e3o tidas em conta. Ao definir cookies funcionais, facilitamos a sua visita ao nosso s\u00edtio Web. Isto significa que n\u00e3o tem de introduzir repetidamente as mesmas informa\u00e7\u00f5es quando visita o nosso s\u00edtio Web e, por exemplo, os artigos permanecem no seu cesto de compras at\u00e9 efetuar o pagamento. Podemos colocar estes cookies sem o seu consentimento.<\/p>\n<p>\u00a0<\/p>\n<h4>5.3 Cookies estat\u00edsticos<\/h4>\n<p>Utilizamos cookies estat\u00edsticos para otimizar a experi\u00eancia dos visitantes do nosso s\u00edtio Web. Estes cookies estat\u00edsticos permitem-nos fazer observa\u00e7\u00f5es sobre a utiliza\u00e7\u00e3o do nosso s\u00edtio Web. Pedimos a sua permiss\u00e3o para colocar cookies estat\u00edsticos.<\/p>\n<p>\u00a0<\/p>\n<h4>5.4 Cookies de marketing\/rastreio<\/h4>\n<p>Os cookies de marketing\/rastreamento s\u00e3o cookies ou qualquer outra forma de armazenamento local utilizados para criar perfis de utilizadores da Internet com vista \u00e0 apresenta\u00e7\u00e3o de publicidade ou para rastrear o utilizador da Internet neste s\u00edtio Web ou em v\u00e1rios s\u00edtios Web para fins de marketing semelhantes.<\/p>\n<p>\u00a0<\/p>\n<h4>5.5 Redes Sociais<\/h4>\n<p>No nosso s\u00edtio Web, inclu\u00edmos conte\u00fados do Facebook, Instagram, TikTok e Pinterest para promover p\u00e1ginas Web (por exemplo, \u201clike\u201d, \u201cpin\u201d) ou partilh\u00e1-las (por exemplo, \u201ctweet\u201d) em redes sociais como o Facebook, Instagram, TikTok e Pinterest. Este conte\u00fado \u00e9 integrado gra\u00e7as a um c\u00f3digo obtido do Facebook, Instagram, TikTok e Pinterest e coloca cookies. Este conte\u00fado pode armazenar e processar determinadas informa\u00e7\u00f5es para fins de publicidade personalizada.<\/p>\n<p>Leia a declara\u00e7\u00e3o de privacidade destas redes sociais (que pode ser alterada periodicamente). Os dados recuperados s\u00e3o, na medida do poss\u00edvel, anonimizados.<\/p>\n<p>\u00a0<\/p>\n<h4>6. Consentimento<\/h4>\n<p>Quando visitar o nosso s\u00edtio Web pela primeira vez, ser-lhe-\u00e1 apresentado um pop-up com uma explica\u00e7\u00e3o sobre os cookies. Assim que clicar em \u201cGuardar prefer\u00eancias\u201d, est\u00e1 a autorizar-nos a utilizar as categorias de cookies e extens\u00f5es que seleccionou na janela pop-up, tal como descrito nesta pol\u00edtica de cookies. Pode desativar a utiliza\u00e7\u00e3o de cookies atrav\u00e9s do seu browser, mas tenha em aten\u00e7\u00e3o que o nosso s\u00edtio Web poder\u00e1 deixar de funcionar corretamente.<\/p>\n<h4>7. Ativar\/desativar e apagar cookies<\/h4>\n<p>Pode utilizar o seu navegador de internet para eliminar cookies autom\u00e1tica ou manualmente. Tamb\u00e9m pode especificar que determinados cookies n\u00e3o podem ser definidos. Outra op\u00e7\u00e3o \u00e9 alterar as defini\u00e7\u00f5es do seu browser para que receba uma mensagem sempre que um cookie \u00e9 definido. Para obter mais informa\u00e7\u00f5es sobre essas op\u00e7\u00f5es, consulte as instru\u00e7\u00f5es na se\u00e7\u00e3o Ajuda do seu navegador.<\/p>\n<p>Por favor, note que o nosso site pode n\u00e3o funcionar corretamente se todos os cookies estiverem desativados.<\/p>\n<p>Se apagar os cookies no seu navegador, estes ser\u00e3o colocados novamente ap\u00f3s o seu consentimento quando voltar a visitar os nossos s\u00edtios Web.<\/p>\n<p>\u00a0<\/p>\n<p>\u00a0<\/p>\n\t\t\t\t\t\t\t\t<\/div>\n\t\t\t\t<\/div>\n\t\t\t\t\t<\/div>\n\t\t\t\t<\/div>\n\t\t\t\t<\/div>\n\t\t","protected":false},"excerpt":{"rendered":"","protected":false},"author":1,"featured_media":0,"parent":0,"menu_order":0,"comment_status":"closed","ping_status":"closed","template":"elementor_header_footer","meta":{"footnotes":""},"class_list":["post-3503","page","type-page","status-publish","hentry"],"_links":{"self":[{"href":"https:\/\/hubur.com\/pt-pt\/wp-json\/wp\/v2\/pages\/3503","targetHints":{"allow":["GET"]}}],"collection":[{"href":"https:\/\/hubur.com\/pt-pt\/wp-json\/wp\/v2\/pages"}],"about":[{"href":"https:\/\/hubur.com\/pt-pt\/wp-json\/wp\/v2\/types\/page"}],"author":[{"embeddable":true,"href":"https:\/\/hubur.com\/pt-pt\/wp-json\/wp\/v2\/users\/1"}],"replies":[{"embeddable":true,"href":"https:\/\/hubur.com\/pt-pt\/wp-json\/wp\/v2\/comments?post=3503"}],"version-history":[{"count":1,"href":"https:\/\/hubur.com\/pt-pt\/wp-json\/wp\/v2\/pages\/3503\/revisions"}],"predecessor-version":[{"id":3504,"href":"https:\/\/hubur.com\/pt-pt\/wp-json\/wp\/v2\/pages\/3503\/revisions\/3504"}],"wp:attachment":[{"href":"https:\/\/hubur.com\/pt-pt\/wp-json\/wp\/v2\/media?parent=3503"}],"curies":[{"name":"wp","href":"https:\/\/api.w.org\/{rel}","templated":true}]}}