{"id":4222,"date":"2024-05-21T13:32:28","date_gmt":"2024-05-21T11:32:28","guid":{"rendered":"https:\/\/hubur.com\/termos-e-condicoes-gerais-de-utilizacao-tcs\/"},"modified":"2024-07-24T06:04:14","modified_gmt":"2024-07-24T04:04:14","slug":"termos-e-condicoes-gerais-de-utilizacao-tcs","status":"publish","type":"page","link":"https:\/\/hubur.com\/pt-pt\/termos-e-condicoes-gerais-de-utilizacao-tcs\/","title":{"rendered":"Condi\u00e7\u00f5es Gerais de Utiliza\u00e7\u00e3o (CGU)"},"content":{"rendered":"\t\t<div data-elementor-type=\"wp-page\" data-elementor-id=\"4222\" class=\"elementor elementor-4222 elementor-3364\" data-elementor-post-type=\"page\">\n\t\t\t\t<div class=\"elementor-element elementor-element-9cb1a9f e-flex e-con-boxed e-con e-parent\" data-id=\"9cb1a9f\" data-element_type=\"container\" data-e-type=\"container\" data-settings=\"{&quot;background_background&quot;:&quot;video&quot;,&quot;jet_parallax_layout_list&quot;:[],&quot;background_play_on_mobile&quot;:&quot;yes&quot;}\">\n\t\t\t\t\t<div class=\"e-con-inner\">\n\t\t<div class=\"elementor-element elementor-element-a599283 e-con-full e-flex e-con e-child\" data-id=\"a599283\" data-element_type=\"container\" data-e-type=\"container\" data-settings=\"{&quot;jet_parallax_layout_list&quot;:[]}\">\n\t\t\t\t<div class=\"elementor-element elementor-element-9019655 elementor-widget elementor-widget-heading\" data-id=\"9019655\" data-element_type=\"widget\" data-e-type=\"widget\" data-widget_type=\"heading.default\">\n\t\t\t\t<div class=\"elementor-widget-container\">\n\t\t\t\t\t<h1 class=\"elementor-heading-title elementor-size-default\">Condi\u00e7\u00f5es Gerais de Utiliza\u00e7\u00e3o (CGU)<\/h1>\t\t\t\t<\/div>\n\t\t\t\t<\/div>\n\t\t\t\t<\/div>\n\t\t\t\t\t<\/div>\n\t\t\t\t<\/div>\n\t\t<div class=\"elementor-element elementor-element-a54d3d5 e-flex e-con-boxed e-con e-parent\" data-id=\"a54d3d5\" data-element_type=\"container\" data-e-type=\"container\" data-settings=\"{&quot;jet_parallax_layout_list&quot;:[],&quot;background_background&quot;:&quot;classic&quot;}\">\n\t\t\t\t\t<div class=\"e-con-inner\">\n\t\t\t\t<div class=\"elementor-element elementor-element-aa7adc2 elementor-widget elementor-widget-text-editor\" data-id=\"aa7adc2\" data-element_type=\"widget\" data-e-type=\"widget\" data-widget_type=\"text-editor.default\">\n\t\t\t\t<div class=\"elementor-widget-container\">\n\t\t\t\t\t\t\t\t\t<h2 style=\"text-align: center\">Condi\u00e7\u00f5es Gerais de Utiliza\u00e7\u00e3o<\/h2>\n<p>\u00a0<\/p>\n<h3>Pre\u00e2mbulo<\/h3>\n<p>As presentes CGU t\u00eam por objetivo informar o utilizador sobre as condi\u00e7\u00f5es em que pode aceder ao s\u00edtio Web e, se for caso disso, utilizar os dados nele contidos. A navega\u00e7\u00e3o neste s\u00edtio Web implica a aceita\u00e7\u00e3o total e completa das CGU acima descritas.<br>\nA HUBUR colocou este site online para lhe apresentar algumas das suas ofertas, mas tamb\u00e9m conte\u00fados como artigos ou testemunhos. As informa\u00e7\u00f5es s\u00e3o fornecidas como parte de informa\u00e7\u00f5es gerais, sem qualquer garantia de adequa\u00e7\u00e3o a uma necessidade de uso particular.<\/p>\n<p>A HUBUR pode modific\u00e1-los ou atualiz\u00e1-los a qualquer momento sem aviso pr\u00e9vio.<\/p>\n<p>\u00a0<\/p>\n<h3>Utiliza\u00e7\u00e3o<\/h3>\n<p>Cada utilizador do site que fornece informa\u00e7\u00f5es concede \u00e0 HUBUR todos os direitos transfer\u00edveis relativos a essas informa\u00e7\u00f5es e autoriza a HUBUR a utiliz\u00e1-las. As informa\u00e7\u00f5es fornecidas pelos utilizadores desta forma ser\u00e3o consideradas n\u00e3o confidenciais.<\/p>\n<p>No entanto, se as informa\u00e7\u00f5es fornecidas forem dados pessoais na ace\u00e7\u00e3o da legisla\u00e7\u00e3o aplic\u00e1vel, ser\u00e3o tratadas em conformidade com a pol\u00edtica de prote\u00e7\u00e3o dos dados pessoais aplic\u00e1vel ao s\u00edtio Web.<\/p>\n<p>\u00a0<\/p>\n<h3>Responsabilidade<\/h3>\n<p>Apesar da aten\u00e7\u00e3o dada \u00e0 manuten\u00e7\u00e3o e atualiza\u00e7\u00e3o do site, a HUBUR n\u00e3o garante a acessibilidade permanente do site, nem a aus\u00eancia de avarias de qualquer tipo, n\u00e3o podendo ser responsabilizada por erros, imprecis\u00f5es, bugs, v\u00edrus, etc. O utilizador continua a ser respons\u00e1vel pelo seu equipamento e pela sua utiliza\u00e7\u00e3o, sendo ele o \u00fanico respons\u00e1vel pelos custos diretos ou indiretos decorrentes da sua liga\u00e7\u00e3o \u00e0 Internet para o site da HUBUR.<\/p>\n<p>\u00a0<\/p>\n<h3>Administra\u00e7\u00e3o do s\u00edtio web<\/h3>\n<p>Podemos, mas n\u00e3o temos qualquer obriga\u00e7\u00e3o de, monitorizar, editar ou remover conte\u00fados que consideremos, segundo o nosso crit\u00e9rio exclusivo, ilegais, ofensivos, amea\u00e7adores, abusivos, difamat\u00f3rios, pornogr\u00e1ficos, obscenos ou de outro modo censur\u00e1veis.<\/p>\n<p>O utilizador compromete-se a escrever coment\u00e1rios que n\u00e3o violem os direitos de terceiros, incluindo direitos de autor, marcas registadas, confidencialidade, personalidade ou outros direitos pessoais ou de propriedade. O utilizador tamb\u00e9m concorda que os seus coment\u00e1rios n\u00e3o conter\u00e3o qualquer material ilegal, difamat\u00f3rio, ofensivo ou obsceno, nem conter\u00e3o qualquer v\u00edrus inform\u00e1tico ou outro software malicioso que possa de alguma forma afetar o funcionamento do Servi\u00e7o ou de qualquer s\u00edtio Web associado. O utilizador n\u00e3o pode utilizar um endere\u00e7o de correio eletr\u00f3nico falso, fingir ser algu\u00e9m que n\u00e3o \u00e9 ou tentar induzir-nos a n\u00f3s e\/ou a terceiros em erro quanto \u00e0 origem dos seus coment\u00e1rios. O utilizador \u00e9 totalmente respons\u00e1vel por todos os coment\u00e1rios que publicar e pela sua precis\u00e3o. N\u00e3o assumimos qualquer responsabilidade por quaisquer coment\u00e1rios publicados pelo utilizador ou por terceiros.<\/p>\n<p>\u00a0<\/p>\n<h3>Propriedade intelectual<\/h3>\n<p>Todas as informa\u00e7\u00f5es ou documentos (textos, imagens, animadas ou n\u00e3o, bases de dados, sons, fotografias, know-how, produtos mencionados) contidos no s\u00edtio Web, bem como todos os elementos criados para o s\u00edtio Web e a sua estrutura geral, s\u00e3o propriedade da HUBUR ou s\u00e3o objeto de direitos de utiliza\u00e7\u00e3o, reprodu\u00e7\u00e3o e representa\u00e7\u00e3o concedidos em benef\u00edcio desta \u00faltima.<\/p>\n<p>Consequentemente, a HUBUR \u00e9 a propriet\u00e1ria exclusiva de todos os direitos de propriedade intelectual ou de utiliza\u00e7\u00e3o sobre todos os elementos acess\u00edveis neste s\u00edtio, tanto na estrutura como nos textos, imagens, gr\u00e1ficos, log\u00f3tipos, \u00edcones, sons, software&#8230;<\/p>\n<p>Estas informa\u00e7\u00f5es, documentos ou elementos est\u00e3o sujeitos \u00e0s leis de direitos de autor a partir do momento em que s\u00e3o colocados \u00e0 disposi\u00e7\u00e3o do p\u00fablico neste s\u00edtio Web. Nenhuma licen\u00e7a, ou direito al\u00e9m do direito de consultar o site, \u00e9 conferido a qualquer pessoa no que diz respeito aos direitos de propriedade intelectual.<\/p>\n<p>Por conseguinte, qualquer reprodu\u00e7\u00e3o total ou parcial do s\u00edtio, representa\u00e7\u00e3o, modifica\u00e7\u00e3o, publica\u00e7\u00e3o, adapta\u00e7\u00e3o total ou parcial de qualquer um destes elementos, seja qual for o meio ou o processo utilizado, \u00e9 proibida sem a autoriza\u00e7\u00e3o pr\u00e9via por escrito da HUBUR.<\/p>\n<p>Caso contr\u00e1rio, a HUBUR reserva-se o direito de iniciar todos os procedimentos necess\u00e1rios, incluindo processos judiciais, para p\u00f4r termo a qualquer viola\u00e7\u00e3o dos seus direitos de propriedade intelectual e obter uma indemniza\u00e7\u00e3o pelos danos que lhe tenham sido causados.<\/p>\n<p>Do mesmo modo, \u00e9 proibida qualquer grava\u00e7\u00e3o, difus\u00e3o, tradu\u00e7\u00e3o ou adapta\u00e7\u00e3o, total ou parcial, do s\u00edtio.<\/p>\n<p>\u00a0<\/p>\n<h2>Legisla\u00e7\u00e3o aplic\u00e1vel<\/h2>\n<p>Este s\u00edtio e as presentes condi\u00e7\u00f5es de utiliza\u00e7\u00e3o s\u00e3o regidos pela legisla\u00e7\u00e3o irlandesa. Tanto o utilizador como a HUBUR concordam em submeter-se \u00e0 jurisdi\u00e7\u00e3o exclusiva dos tribunais irlandeses em caso de qualquer lit\u00edgio decorrente das presentes condi\u00e7\u00f5es gerais de utiliza\u00e7\u00e3o.<\/p>\n<p>\u00a0<\/p>\n\t\t\t\t\t\t\t\t<\/div>\n\t\t\t\t<\/div>\n\t\t\t\t\t<\/div>\n\t\t\t\t<\/div>\n\t\t\t\t<\/div>\n\t\t","protected":false},"excerpt":{"rendered":"","protected":false},"author":1,"featured_media":0,"parent":0,"menu_order":0,"comment_status":"closed","ping_status":"closed","template":"elementor_header_footer","meta":{"footnotes":""},"class_list":["post-4222","page","type-page","status-publish","hentry"],"_links":{"self":[{"href":"https:\/\/hubur.com\/pt-pt\/wp-json\/wp\/v2\/pages\/4222","targetHints":{"allow":["GET"]}}],"collection":[{"href":"https:\/\/hubur.com\/pt-pt\/wp-json\/wp\/v2\/pages"}],"about":[{"href":"https:\/\/hubur.com\/pt-pt\/wp-json\/wp\/v2\/types\/page"}],"author":[{"embeddable":true,"href":"https:\/\/hubur.com\/pt-pt\/wp-json\/wp\/v2\/users\/1"}],"replies":[{"embeddable":true,"href":"https:\/\/hubur.com\/pt-pt\/wp-json\/wp\/v2\/comments?post=4222"}],"version-history":[{"count":2,"href":"https:\/\/hubur.com\/pt-pt\/wp-json\/wp\/v2\/pages\/4222\/revisions"}],"predecessor-version":[{"id":4798,"href":"https:\/\/hubur.com\/pt-pt\/wp-json\/wp\/v2\/pages\/4222\/revisions\/4798"}],"wp:attachment":[{"href":"https:\/\/hubur.com\/pt-pt\/wp-json\/wp\/v2\/media?parent=4222"}],"curies":[{"name":"wp","href":"https:\/\/api.w.org\/{rel}","templated":true}]}}